{"id":726,"date":"2025-12-15T10:30:42","date_gmt":"2025-12-15T13:30:42","guid":{"rendered":"https:\/\/sitenovo.comexdez.com.br\/?page_id=726"},"modified":"2026-01-02T15:43:15","modified_gmt":"2026-01-02T18:43:15","slug":"politica-de-privacidade","status":"publish","type":"page","link":"https:\/\/comexdez.com.br\/site\/politica-de-privacidade\/","title":{"rendered":"Pol\u00edtica de Privacidade"},"content":{"rendered":"\n<p>A ITAF &#8211; Informa\u00e7\u00f5es Tributarias, Aduaneiras e Fiscais Ltda, pessoa jur\u00eddica de direito privado, inscrita no CNPJ\/MF sob o n\u00ba 05.969.069\/0002-22, com sede estabelecida na Rua Joubert de Carvalho, 623 \u2013 Sala 902 | Zona 01, 87.013-911 \u2013 Maring\u00e1\/PR , doravante denominada (\u201c<strong>COMEXDEZ<\/strong>\u201d) valoriza a privacidade de seus clientes, fornecedores, usu\u00e1rios e colaboradores, por isso criou essa Politica de Privacidade para demonstrar seu compromisso com a prote\u00e7\u00e3o de dados pessoais, nos termos da LEI GERAL DE PROTE\u00c7\u00c3O DE DADOS n\u00ba 13.709\/2018, para explicar ao titular de dados quais dados s\u00e3o coletados, como s\u00e3o coletados, o tratamento dado, forma de armazenamento, se h\u00e1 qualquer compartilhamento com terceiros, entre outras informa\u00e7\u00f5es essenciais em rea\u00e7\u00e3o aos dados pessoais.<\/p>\n\n\n\n<h4 class=\"wp-block-heading\"><strong>1. INFORMA\u00c7\u00d5ES GERAIS E DEFINI\u00c7\u00d5ES<\/strong><\/h4>\n\n\n\n<p><strong>Usu\u00e1rio:<\/strong>&nbsp;Todas as pessoas f\u00edsicas que utilizar\u00e3o ou visitar\u00e3o o(s) site, redes sociais, aplicativos e softwares, maiores de 18 (dezoito) anos ou emancipadas e totalmente capazes de praticar os atos da vida civil ou os absolutamente ou relativamente incapazes devidamente representados ou assistidos. Dados Pessoais: significa quaisquer informa\u00e7\u00f5es fornecidas e\/ou coletadas pela COMEXDEZ, por qualquer meio, ainda que p\u00fablicos, que: (I) identifiquem, ou que, quando usadas em combina\u00e7\u00e3o com outras informa\u00e7\u00f5es tratadas pela COMEXDEZ identifiquem um indiv\u00edduo; ou (II) por meio das quais a identifica\u00e7\u00e3o ou informa\u00e7\u00f5es de contato de uma pessoa f\u00edsica possam ser derivadas. Os Dados Pessoais podem estar em qualquer m\u00eddia ou formato, inclusive registros eletr\u00f4nicos ou computadorizados, bem como em arquivos baseados em papel.<\/p>\n\n\n\n<p>Os Dados Pessoais, no entanto, n\u00e3o incluem telefone comercial, n\u00famero de celular comercial, endere\u00e7o comercial, e-mail comercial.<\/p>\n\n\n\n<p><strong>Finalidade<\/strong>: o objetivo, o prop\u00f3sito que a COMEXDEZ deseja alcan\u00e7ar a partir de cada ato de tratamento das informa\u00e7\u00f5es pessoais.<\/p>\n\n\n\n<p><strong>Necessidade<\/strong>: justificativa pelo qual \u00e9 estritamente necess\u00e1rio coletar dados pessoais, para atingir a finalidade, evitando-se a coleta excessiva.<\/p>\n\n\n\n<p><strong>Bases legais<\/strong>: fundamenta\u00e7\u00e3o legal que torna leg\u00edtimo o tratamento de dados pessoais para uma determinada finalidade pr\u00e9via por parte da COMEXDEZ.<\/p>\n\n\n\n<p><strong>Consentimento<\/strong>: autoriza\u00e7\u00e3o expressa e inequ\u00edvoca dada pelo Usu\u00e1rio titular do dado pessoal para que a COMEXDEZ trate seus dados pessoais para uma finalidade previamente descrita, na qual a base legal necess\u00e1ria para o ato demande a autoriza\u00e7\u00e3o expressa do titular.<\/p>\n\n\n\n<p>Ao acessar e\/ou utilizar o site, redes sociais, aplicativos e softwares da COMEXDEZ, o Usu\u00e1rio declara ter no m\u00ednimo 18 (dezoito) anos e ter capacidade plena e expressa para a aceita\u00e7\u00e3o dos termos e condi\u00e7\u00f5es desta Pol\u00edtica de Privacidade e do Termo de Consentimento para todos os fins de direito.<\/p>\n\n\n\n<p>Caso o Usu\u00e1rio n\u00e3o se enquadre na descri\u00e7\u00e3o acima e\/ou n\u00e3o concorde, ainda que em parte, com os termos e condi\u00e7\u00f5es contidos nesta Pol\u00edtica de Privacidade, n\u00e3o dever\u00e1 acessar e\/ou utilizar quaisquer servi\u00e7os oferecidos pela COMEXDEZ.<\/p>\n\n\n\n<h4 class=\"wp-block-heading\"><strong>2. COLETA DE DADOS E TRATAMENTO DE DADOS<\/strong><\/h4>\n\n\n\n<p>O Usu\u00e1rio est\u00e1 ciente de que fornece informa\u00e7\u00e3o de forma consciente e volunt\u00e1ria por meio de formul\u00e1rios de cadastro, ou por meio dos sites operados pela COMEXDEZ ou ainda, por meio de contrato de presta\u00e7\u00e3o de servi\u00e7os.<\/p>\n\n\n\n<p>Quando o Usu\u00e1rio realiza o cadastro e\/ou preenche formul\u00e1rios oferecidos pela COMEXDEZ, inclusive nos sites por ela operados, determinados Dados Pessoais solicitados ser\u00e3o mantidos em sigilo e ser\u00e3o utilizadas apenas para os prop\u00f3sitos abaixo definidos:<\/p>\n\n\n\n<div class=\"wp-block-columns is-layout-flex wp-container-core-columns-is-layout-9d6595d7 wp-block-columns-is-layout-flex\">\n<div class=\"wp-block-column is-layout-flow wp-block-column-is-layout-flow\" style=\"flex-basis:100%\">\n<div class=\"wp-block-columns is-layout-flex wp-container-core-columns-is-layout-9d6595d7 wp-block-columns-is-layout-flex\">\n<div class=\"wp-block-column is-layout-flow wp-block-column-is-layout-flow\" style=\"flex-basis:100%\">\n<figure class=\"wp-block-table\"><table class=\"has-fixed-layout\"><tbody><tr><td class=\"has-text-align-center\" data-align=\"center\"><strong>Dados Coletados<\/strong><\/td><td class=\"has-text-align-center\" data-align=\"center\"><strong>Finalidade de uso\/ tratamento de dados<\/strong><\/td><td class=\"has-text-align-center\" data-align=\"center\"><strong>Base Legal<\/strong><\/td><td class=\"has-text-align-center\" data-align=\"center\"><strong>Consentimento<\/strong><\/td><\/tr><tr><td class=\"has-text-align-center\" data-align=\"center\">Nome Pessoal, e-mail e nome da empresa em que trabalha (clientes e usu\u00e1rio website)<\/td><td class=\"has-text-align-center\" data-align=\"center\">Para poder acessar conte\u00fados informativos sobre tributa\u00e7\u00e3o, eventos, promo\u00e7\u00f5es e not\u00edcias relevantes a COMEXDEZ precisar\u00e1 que o Usu\u00e1rio forne\u00e7a seu Nome, Email e em qual Empresa trabalha. A COMEXDEZ vai enviar e-mail marketing para os usu\u00e1rios que fornecerem essas informa\u00e7\u00f5es. Os Dados Pessoais coletados n\u00e3o ser\u00e3o utilizados para envio de qualquer tipo de SPAM ou outro fim que n\u00e3o o aqui exposto.<\/td><td class=\"has-text-align-center\" data-align=\"center\">Consentimento<\/td><td class=\"has-text-align-center\" data-align=\"center\">Estou de acordo em fornecer meu Nome, Email e em qual Empresa eu trabalho para acessar o material disponibilizado no site, al\u00e9m de receber Newsletter da COMEXDEZ e demais e-mails marketing. Estou ciente de que meus dados fornecidos ser\u00e3o utilizados internamente para fins promocionais pela COMEXDEZ e concordo com o recebimento de emails da COMEXDEZ.<\/td><\/tr><tr><td class=\"has-text-align-center\" data-align=\"center\">Nome e e-mail (SAC)<\/td><td class=\"has-text-align-center\" data-align=\"center\">Caso o titular de dados queira entrar em contato com a empresa por qualquer meio (telefone, presencial ou via website) para solicitar informa\u00e7\u00f5es<\/td><td class=\"has-text-align-center\" data-align=\"center\">Consentimento<\/td><td class=\"has-text-align-center\" data-align=\"center\">Estou de acordo em fornecer meu nome e e-mail para a COMEXDEZ retornar meu contato\/ pedido de informa\u00e7\u00f5es.<\/td><\/tr><tr><td class=\"has-text-align-center\" data-align=\"center\">Nome e e-mail (CLIENTES)<\/td><td class=\"has-text-align-center\" data-align=\"center\">De clientes fins de ingresso e acesso ao sistema\/software\/ plataforma da COMEXDEZ.<\/td><td class=\"has-text-align-center\" data-align=\"center\">Consentimento<\/td><td class=\"has-text-align-center\" data-align=\"center\">Estou de acordo em fornecer meu nome e e-mail para a COMEXDEZ para que possa ter acesso login aos servi\u00e7os contratados.<\/td><\/tr><\/tbody><\/table><\/figure>\n<\/div>\n<\/div>\n<\/div>\n<\/div>\n\n\n\n<h4 class=\"wp-block-heading\"><strong>3. ARMAZENAMENTO E EXCLUS\u00c3O DE DADOS<\/strong><\/h4>\n\n\n\n<p>A COMEXDEZ armazenar\u00e1 as informa\u00e7\u00f5es coletadas em servidores pr\u00f3prios ou por ela contratados em nuvem pelos fornecedores de servi\u00e7os contratados pela COMEXDEZ.<\/p>\n\n\n\n<p>A COMEXDEZ utiliza os meios razo\u00e1veis de mercado e legalmente requeridos para preservar a privacidade dos dados coletados. Desta forma, adota por exemplo as seguintes precau\u00e7\u00f5es:<\/p>\n\n\n\n<ol class=\"wp-block-list\">\n<li>Quando necess\u00e1rio a COMEXDEZ utiliza os m\u00e9todos padr\u00e3o e de mercado para criptografar e anonimizar os dados coletados;<\/li>\n\n\n\n<li>A COMEXDEZ possui prote\u00e7\u00e3o contra acesso n\u00e3o autorizado a seus sistemas;<\/li>\n\n\n\n<li>A COMEXDEZ somente autoriza o acesso de pessoas previamente estabelecidas ao local onde s\u00e3o armazenadas as informa\u00e7\u00f5es coletadas;<\/li>\n\n\n\n<li>Aqueles que entram em contato com as informa\u00e7\u00f5es se comprometem a manter sigilo absoluto. A quebra do sigilo acarretar\u00e1 responsabilidade civil e o respons\u00e1vel ser\u00e1 responsabilizado nos moldes da legisla\u00e7\u00e3o brasileira; e<\/li>\n<\/ol>\n\n\n\n<p>A COMEXDEZ adota os melhores esfor\u00e7os, no sentido de preservar a privacidade dos dados dos Usu\u00e1rios. Entretanto, nenhum site, software ou aplicativo \u00e9 totalmente seguro e a COMEXDEZ n\u00e3o pode garantir integralmente que todas as informa\u00e7\u00f5es que trafegam nas p\u00e1ginas n\u00e3o sejam alvo de acessos n\u00e3o autorizados perpetrados por meio de m\u00e9todos desenvolvidos para obter informa\u00e7\u00f5es de forma indevida.<\/p>\n\n\n\n<p>Por esse motivo, n\u00f3s incentivamos os Usu\u00e1rios a tomarem as medidas apropriadas para se protegerem, como, por exemplo, mantendo confidenciais todas as senhas criadas.<\/p>\n\n\n\n<p>A exclus\u00e3o dos dados pessoais poder\u00e1 se dar mediante pedido do titular de dados ou quando encerrado o prazo de reten\u00e7\u00e3o de dados (estabelecido em cap\u00edtulo espec\u00edfico nessa pol\u00edtica). A COMEXDEZ adota todas as medidas de precau\u00e7\u00e3o e seguran\u00e7a para realiza\u00e7\u00e3o da exclus\u00e3o\/descarte seguro dos dados.<\/p>\n\n\n\n<h4 class=\"wp-block-heading\"><strong>4. COMPARTILHAMENTO DE DADOS<\/strong><\/h4>\n\n\n\n<p>A COMEXDEZ poder\u00e1 divulgar os dados pessoais coletados de terceiros nas seguintes situa\u00e7\u00f5es e nos limites autorizados pela lei:<\/p>\n\n\n\n<ol class=\"wp-block-list\">\n<li>Para prop\u00f3sitos administrativos como: pesquisa, planejamento, desenvolvimento de servi\u00e7os, seguran\u00e7a e gerenciamento de risco;<\/li>\n\n\n\n<li>Para fins de entrega do servi\u00e7o contratado com a COMEXDEZ;<\/li>\n\n\n\n<li>Quando necess\u00e1rio para cumprir uma obriga\u00e7\u00e3o legal, determina\u00e7\u00e3o de autoridade competente ou decis\u00e3o judicial.<\/li>\n<\/ol>\n\n\n\n<h4 class=\"wp-block-heading\"><strong>5. HIP\u00d3TESES LEGAIS PARA DIVULGA\u00c7\u00c3O DOS DADOS<\/strong><\/h4>\n\n\n\n<p>Em alguns casos a COMEXDEZ poder\u00e1 divulgar os Dados Pessoais coletados com o objetivo de cumprir a legisla\u00e7\u00e3o aplic\u00e1vel ou por meio de ordem ou intima\u00e7\u00e3o judicial ou administrativa.<\/p>\n\n\n\n<p>A divulga\u00e7\u00e3o legal poder\u00e1 ser feita para:<\/p>\n\n\n\n<ol class=\"wp-block-list\">\n<li>Cumprir com legisla\u00e7\u00e3o;<\/li>\n\n\n\n<li>Investigar, impedir ou tomar medidas relacionadas a coopera\u00e7\u00e3o com \u00f3rg\u00e3os p\u00fablicos ou para proteger a seguran\u00e7a nacional;<\/li>\n\n\n\n<li>Execu\u00e7\u00e3o de contratos;<\/li>\n\n\n\n<li>Investiga\u00e7\u00e3o e defesa de alega\u00e7\u00f5es de terceiros;<\/li>\n\n\n\n<li>Prote\u00e7\u00e3o da seguran\u00e7a ou integridade dos servi\u00e7os;<\/li>\n<\/ol>\n\n\n\n<h4 class=\"wp-block-heading\"><strong>6. RETEN\u00c7\u00c3O DE DADOS<\/strong><\/h4>\n\n\n\n<p>A COMEXDEZ ir\u00e1 reter informa\u00e7\u00f5es dos Titulares de dados somente pelo per\u00edodo da finalidade para as quais aquelas informa\u00e7\u00f5es foram tratadas, incluindo a seguran\u00e7a do processamento, com obriga\u00e7\u00f5es jur\u00eddicas e regulamentares (por exemplo, auditoria, contabilidade e termos de reten\u00e7\u00e3o estatut\u00e1ria), lit\u00edgios quanto ao processamento, e para o estabelecimento, exerc\u00edcio ou defesa de a\u00e7\u00f5es judiciais.<\/p>\n\n\n\n<p>O titular de dados poder\u00e1 solicitar a exclus\u00e3o dos dados por meio de solicita\u00e7\u00e3o direta com a empresa pelo endere\u00e7o de e-mail&nbsp;<a href=\"mailto:juridico@comexdez.com.br\">juridico@comexdez.com.br<\/a>&nbsp;ou telefone 0800 006 2615.<\/p>\n\n\n\n<h4 class=\"wp-block-heading\"><strong>7. DIREITOS DO TITULAR<\/strong><\/h4>\n\n\n\n<p>Em cumprimento \u00e0 regulamenta\u00e7\u00e3o aplic\u00e1vel, no que diz respeito ao tratamento de dados pessoais, a COMEXDEZ respeita e garante ao Usu\u00e1rio, a possibilidade de apresenta\u00e7\u00e3o de solicita\u00e7\u00f5es baseadas nos seguintes direitos:<\/p>\n\n\n\n<ol class=\"wp-block-list\">\n<li>A confirma\u00e7\u00e3o da exist\u00eancia de tratamento;<\/li>\n\n\n\n<li>O acesso aos dados;<\/li>\n\n\n\n<li>A corre\u00e7\u00e3o de dados incompletos, inexatos ou desatualizados;<\/li>\n\n\n\n<li>A anonimiza\u00e7\u00e3o, bloqueio ou elimina\u00e7\u00e3o de dados desnecess\u00e1rios, excessivos ou tratados em desconformidade;<\/li>\n\n\n\n<li>A portabilidade de seus dados a outro fornecedor de servi\u00e7o ou produto, mediante requisi\u00e7\u00e3o expressa pelo Usu\u00e1rio;<\/li>\n\n\n\n<li>A elimina\u00e7\u00e3o dos dados tratados com consentimento do Usu\u00e1rio;<\/li>\n\n\n\n<li>A obten\u00e7\u00e3o de informa\u00e7\u00f5es sobre as entidades p\u00fablicas ou privadas com as quais a COMEXDEZ compartilhou seus dados;<\/li>\n\n\n\n<li>A informa\u00e7\u00e3o sobre a possibilidade de n\u00e3o fornecer o seu consentimento, bem como de ser informado sobre as consequ\u00eancias, em caso de negativa; ix) a revoga\u00e7\u00e3o do consentimento.<\/li>\n<\/ol>\n\n\n\n<p>A COMEXDEZ se coloca a disposi\u00e7\u00e3o para cumprimento dos direitos dos titulares de dados por meio solicita\u00e7\u00e3o do titular a ser enviada pelo endere\u00e7o de e-mail&nbsp;<a href=\"mailto:juridico@comexdez.com.br\">juridico@comexdez.com.br<\/a>&nbsp;ou telefone 0800 006 2615.<\/p>\n\n\n\n<p>O Usu\u00e1rio fica ciente de que a exclus\u00e3o das informa\u00e7\u00f5es essenciais para gest\u00e3o de sua conta junto \u00e0 COMEXDEZ implicar\u00e1 no t\u00e9rmino de seu cadastro, com consequente cancelamento dos servi\u00e7os ent\u00e3o prestados.<\/p>\n\n\n\n<p>A COMEXDEZ empreender\u00e1 todos os esfor\u00e7os para atender tais pedidos no menor espa\u00e7o de tempo poss\u00edvel.<\/p>\n\n\n\n<h4 class=\"wp-block-heading\"><strong>8. REVIS\u00d5ES DA POL\u00cdTICA<\/strong><\/h4>\n\n\n\n<p>Caso a COMEXDEZ modifique a presente pol\u00edtica, tais altera\u00e7\u00f5es ser\u00e3o publicadas de forma vis\u00edvel no site da COMEXDEZ, bem como sempre que poss\u00edvel ser\u00e1 informado para o titular de dados.<\/p>\n\n\n\n<h4 class=\"wp-block-heading\"><strong>9. COOKIES<\/strong><\/h4>\n\n\n\n<p>Cookies s\u00e3o arquivos ou informa\u00e7\u00f5es que podem ser armazenadas em seus dispositivos, quando voc\u00ea visita as p\u00e1ginas da COMEXDEZ. Geralmente, um cookie cont\u00e9m o nome do site que o originou, seu tempo de vida e um valor, que \u00e9 gerado aleatoriamente.<\/p>\n\n\n\n<p>A COMEXDEZ utiliza cookies para facilitar o uso e melhor adaptar as P\u00e1ginas aos seus interesses e necessidades, bem como para compilarmos informa\u00e7\u00f5es sobre a utiliza\u00e7\u00e3o de nossos sites e servi\u00e7os, auxiliando a melhorar suas estruturas e seus conte\u00fados. Os cookies tamb\u00e9m podem ser utilizados para acelerar suas atividades e experi\u00eancias futuras nas p\u00e1ginas.<\/p>\n\n\n\n<figure class=\"wp-block-table\"><table class=\"has-fixed-layout\"><tbody><tr><td class=\"has-text-align-center\" data-align=\"center\"><strong>Tipos de cookies<\/strong><\/td><td class=\"has-text-align-center\" data-align=\"center\"><strong>O que eles fazem?<\/strong><\/td><\/tr><tr><td class=\"has-text-align-center\" data-align=\"center\">Necess\u00e1rios<\/td><td class=\"has-text-align-center\" data-align=\"center\">Esses cookies nos ajudam a entender como os visitantes interagem com as P\u00e1ginas da COMEXDEZ, fornecendo informa\u00e7\u00f5es sobre as \u00e1reas visitadas, o tempo de visita ao site e quaisquer problemas encontrados, como mensagens de erro.<\/td><\/tr><tr><td class=\"has-text-align-center\" data-align=\"center\">Funcionais<\/td><td class=\"has-text-align-center\" data-align=\"center\">Esses cookies permitem que as P\u00e1ginas da COMEXDEZ se lembrem de suas escolhas, para proporcionar uma experi\u00eancia mais personalizada.<\/td><\/tr><tr><td class=\"has-text-align-center\" data-align=\"center\">Marketing<\/td><td class=\"has-text-align-center\" data-align=\"center\">Esses cookies s\u00e3o utilizados para fornecer mais conte\u00fado relevante e do interesse dos Usu\u00e1rios. Podem ser utilizados para apresentar publicidade mais direcionada ao usu\u00e1rio.<br>Tamb\u00e9m, permitem a medi\u00e7\u00e3o da efic\u00e1cia de uma campanha publicit\u00e1ria da COMEXDEZ.<br>Ainda, esses cookies podem ser utilizados para indicar \u00e0s P\u00e1ginas da COMEXDEZ os sites que o Usu\u00e1rio visitou.<\/td><\/tr><\/tbody><\/table><\/figure>\n\n\n\n<p>Ap\u00f3s o Usu\u00e1rio consentir para a utiliza\u00e7\u00e3o de cookies, quando do uso das P\u00e1ginas da COMEXDEZ, a COMEXDEZ armazenar\u00e1 um cookie em seu dispositivo para lembrar disso na pr\u00f3xima sess\u00e3o.<\/p>\n\n\n\n<p>A qualquer momento, o Usu\u00e1rio poder\u00e1 revogar seu consentimento quanto aos cookies, pelo que dever\u00e1 apagar os cookies das P\u00e1ginas da COMEXDEZ utilizando as configura\u00e7\u00f5es de seu navegador de prefer\u00eancia. Para mais informa\u00e7\u00f5es sobre como proceder em rela\u00e7\u00e3o \u00e0 gest\u00e3o dos cookies nos navegadores:<\/p>\n\n\n\n<ol class=\"wp-block-list\">\n<li>Internet Explorer:&nbsp;<a href=\"https:\/\/support.microsoft.com\/pt-br\/help\/17442\/windows-internetexplorer-delete-manage-cookies\" target=\"_blank\" rel=\"noopener\">https:\/\/support.microsoft.com\/pt-br\/help\/17442\/windows-internetexplorer-delete-manage-cookies<\/a><\/li>\n\n\n\n<li>Mozilla Firefox:&nbsp;<a href=\"https:\/\/support.mozilla.org\/pt-BR\/kb\/ative-e-desative-os-cookies-queos-sites-usam\" target=\"_blank\" rel=\"noopener\">https:\/\/support.mozilla.org\/pt-BR\/kb\/ative-e-desative-os-cookies-queos-sites-usam<\/a><\/li>\n\n\n\n<li>Google Chrome:&nbsp;<a href=\"https:\/\/support.google.com\/accounts\/answer\/61416?co=GENIE.Platform%20%3DDesktop&amp;%20hl=pt-BR\" target=\"_blank\" rel=\"noopener\">https:\/\/support.google.com\/accounts\/answer\/61416?co=GENIE.Platform %3DDesktop&amp; hl=pt-BR<\/a><\/li>\n\n\n\n<li>Safari:&nbsp;<a href=\"https:\/\/support.apple.com\/pt-br\/guide\/safari\/sfri11471\/mac\" target=\"_blank\" rel=\"noopener\">https:\/\/support.apple.com\/pt-br\/guide\/safari\/sfri11471\/mac<\/a><\/li>\n<\/ol>\n\n\n\n<p>Por fim, lembramos que, caso o Usu\u00e1rio n\u00e3o aceite alguns cookies das P\u00e1ginas da COMEXDEZ, certos servi\u00e7os poder\u00e3o n\u00e3o funcionar de maneira ideal.<\/p>\n\n\n\n<h4 class=\"wp-block-heading\"><strong>10. CONTATO<\/strong><\/h4>\n\n\n\n<p>A COMEXDEZ se coloca a disposi\u00e7\u00e3o para solu\u00e7\u00e3o de quaisquer d\u00favidas ou solicita\u00e7\u00f5es dos titulares de dados pelo endere\u00e7o de e-mail&nbsp;<a href=\"mailto:juridico@comexdez.com.br\">juridico@comexdez.com.br<\/a>&nbsp;ou telefone 0800 006 2615.<\/p>\n\n\n\n<h4 class=\"wp-block-heading\"><strong>11. FORO DE ELEI\u00c7\u00c3O E LEGISLA\u00c7\u00c3O<\/strong><\/h4>\n\n\n\n<p>Esta Pol\u00edtica ser\u00e1 regida, interpretada e executada de acordo com as Leis da Rep\u00fablica Federativa do Brasil, especialmente a Lei n\u00ba 13.709\/2018, independentemente das Leis de outros estados ou Pa\u00edses, sendo competente o foro de domic\u00edlio do Usu\u00e1rio para dirimir qualquer d\u00favida decorrente deste documento.<\/p>\n\n\n\n<p><\/p>\n\n\n\n<p><\/p>\n\n\n\n<p><\/p>\n","protected":false},"excerpt":{"rendered":"<p>A ITAF &#8211; Informa\u00e7\u00f5es Tributarias, Aduaneiras e Fiscais Ltda, pessoa jur\u00eddica de direito privado, inscrita no CNPJ\/MF sob o n\u00ba 05.969.069\/0002-22, com sede estabelecida na Rua Joubert de Carvalho, 623 \u2013 Sala 902 | Zona 01, 87.013-911 \u2013 Maring\u00e1\/PR , doravante denominada (\u201cCOMEXDEZ\u201d) valoriza a privacidade de seus clientes, fornecedores, usu\u00e1rios e colaboradores, por isso [&hellip;]<\/p>\n","protected":false},"author":1,"featured_media":0,"parent":0,"menu_order":0,"comment_status":"closed","ping_status":"closed","template":"","meta":{"_acf_changed":false,"footnotes":""},"class_list":["post-726","page","type-page","status-publish","hentry"],"acf":[],"_links":{"self":[{"href":"https:\/\/comexdez.com.br\/site\/wp-json\/wp\/v2\/pages\/726","targetHints":{"allow":["GET"]}}],"collection":[{"href":"https:\/\/comexdez.com.br\/site\/wp-json\/wp\/v2\/pages"}],"about":[{"href":"https:\/\/comexdez.com.br\/site\/wp-json\/wp\/v2\/types\/page"}],"author":[{"embeddable":true,"href":"https:\/\/comexdez.com.br\/site\/wp-json\/wp\/v2\/users\/1"}],"replies":[{"embeddable":true,"href":"https:\/\/comexdez.com.br\/site\/wp-json\/wp\/v2\/comments?post=726"}],"version-history":[{"count":18,"href":"https:\/\/comexdez.com.br\/site\/wp-json\/wp\/v2\/pages\/726\/revisions"}],"predecessor-version":[{"id":1807,"href":"https:\/\/comexdez.com.br\/site\/wp-json\/wp\/v2\/pages\/726\/revisions\/1807"}],"wp:attachment":[{"href":"https:\/\/comexdez.com.br\/site\/wp-json\/wp\/v2\/media?parent=726"}],"curies":[{"name":"wp","href":"https:\/\/api.w.org\/{rel}","templated":true}]}}