{"id":177,"date":"2025-09-24T21:16:28","date_gmt":"2025-09-25T00:16:28","guid":{"rendered":"https:\/\/sitenovo.comexdez.com.br\/?page_id=177"},"modified":"2026-04-21T21:00:23","modified_gmt":"2026-04-22T00:00:23","slug":"catalogo-de-produtos","status":"publish","type":"page","link":"https:\/\/comexdez.com.br\/site\/solucoes\/catalogo-de-produtos\/","title":{"rendered":"Cat\u00e1logo de Produtos"},"content":{"rendered":"","protected":false},"excerpt":{"rendered":"<p>Cat\u00e1logo de Produtos centraliza e padroniza cadastros, garantindo conformidade, rastreabilidade e efici\u00eancia nas opera\u00e7\u00f5es de com\u00e9rcio exterior.<\/p>\n","protected":false},"author":1,"featured_media":0,"parent":173,"menu_order":0,"comment_status":"closed","ping_status":"closed","template":"","meta":{"_acf_changed":false,"footnotes":""},"class_list":["post-177","page","type-page","status-publish","hentry"],"acf":[],"_links":{"self":[{"href":"https:\/\/comexdez.com.br\/site\/wp-json\/wp\/v2\/pages\/177","targetHints":{"allow":["GET"]}}],"collection":[{"href":"https:\/\/comexdez.com.br\/site\/wp-json\/wp\/v2\/pages"}],"about":[{"href":"https:\/\/comexdez.com.br\/site\/wp-json\/wp\/v2\/types\/page"}],"author":[{"embeddable":true,"href":"https:\/\/comexdez.com.br\/site\/wp-json\/wp\/v2\/users\/1"}],"replies":[{"embeddable":true,"href":"https:\/\/comexdez.com.br\/site\/wp-json\/wp\/v2\/comments?post=177"}],"version-history":[{"count":22,"href":"https:\/\/comexdez.com.br\/site\/wp-json\/wp\/v2\/pages\/177\/revisions"}],"predecessor-version":[{"id":1811,"href":"https:\/\/comexdez.com.br\/site\/wp-json\/wp\/v2\/pages\/177\/revisions\/1811"}],"up":[{"embeddable":true,"href":"https:\/\/comexdez.com.br\/site\/wp-json\/wp\/v2\/pages\/173"}],"wp:attachment":[{"href":"https:\/\/comexdez.com.br\/site\/wp-json\/wp\/v2\/media?parent=177"}],"curies":[{"name":"wp","href":"https:\/\/api.w.org\/{rel}","templated":true}]}}