{"id":145,"date":"2025-09-24T21:08:55","date_gmt":"2025-09-25T00:08:55","guid":{"rendered":"https:\/\/sitenovo.comexdez.com.br\/?page_id=145"},"modified":"2026-04-24T14:53:27","modified_gmt":"2026-04-24T17:53:27","slug":"home-page","status":"publish","type":"page","link":"https:\/\/comexdez.com.br\/site\/","title":{"rendered":"COMEXDEZ: Plataforma Completa para Com\u00e9rcio Exterior"},"content":{"rendered":"","protected":false},"excerpt":{"rendered":"<p>Torne seu Comex mais \u00e1gil e econ\u00f4mico com a COMEXDEZ, plataforma 100% nuvem com consultoria online em tempo real para classifica\u00e7\u00e3o fiscal segura. Acesse!<\/p>\n","protected":false},"author":45,"featured_media":536,"parent":0,"menu_order":0,"comment_status":"closed","ping_status":"closed","template":"","meta":{"_acf_changed":false,"footnotes":""},"class_list":["post-145","page","type-page","status-publish","has-post-thumbnail","hentry"],"acf":[],"_links":{"self":[{"href":"https:\/\/comexdez.com.br\/site\/wp-json\/wp\/v2\/pages\/145","targetHints":{"allow":["GET"]}}],"collection":[{"href":"https:\/\/comexdez.com.br\/site\/wp-json\/wp\/v2\/pages"}],"about":[{"href":"https:\/\/comexdez.com.br\/site\/wp-json\/wp\/v2\/types\/page"}],"author":[{"embeddable":true,"href":"https:\/\/comexdez.com.br\/site\/wp-json\/wp\/v2\/users\/45"}],"replies":[{"embeddable":true,"href":"https:\/\/comexdez.com.br\/site\/wp-json\/wp\/v2\/comments?post=145"}],"version-history":[{"count":100,"href":"https:\/\/comexdez.com.br\/site\/wp-json\/wp\/v2\/pages\/145\/revisions"}],"predecessor-version":[{"id":1830,"href":"https:\/\/comexdez.com.br\/site\/wp-json\/wp\/v2\/pages\/145\/revisions\/1830"}],"wp:featuredmedia":[{"embeddable":true,"href":"https:\/\/comexdez.com.br\/site\/wp-json\/wp\/v2\/media\/536"}],"wp:attachment":[{"href":"https:\/\/comexdez.com.br\/site\/wp-json\/wp\/v2\/media?parent=145"}],"curies":[{"name":"wp","href":"https:\/\/api.w.org\/{rel}","templated":true}]}}